{"id":7250,"date":"2024-06-03T18:28:26","date_gmt":"2024-06-03T15:28:26","guid":{"rendered":"https:\/\/surgicalmatch.com\/?page_id=7250"},"modified":"2024-06-05T16:15:27","modified_gmt":"2024-06-05T13:15:27","slug":"cookie-policy","status":"publish","type":"page","link":"https:\/\/www.surgicalmatch.com\/tr\/cookie-policy\/","title":{"rendered":"\u00c7erez Politikas\u0131"},"content":{"rendered":"<p><section data-bb-version=\"4.9.8\" id=\"bt_bb_section69e16c40414b2\" class=\"bt_bb_section bt_bb_color_scheme_1 bt_bb_layout_boxed_1200 bt_bb_vertical_align_top bt_bb_top_spacing_large bt_bb_bottom_spacing_medium\" style=\"; --section-primary-color:#ffffff; --section-secondary-color:#1d1e21;\" data-bt-override-class=\"{&quot;bt_bb_top_spacing_&quot;:{&quot;current_class&quot;:&quot;bt_bb_top_spacing_large&quot;,&quot;def&quot;:&quot;large&quot;},&quot;bt_bb_bottom_spacing_&quot;:{&quot;current_class&quot;:&quot;bt_bb_bottom_spacing_medium&quot;,&quot;def&quot;:&quot;medium&quot;}}\"><div class=\"bt_bb_background_image_holder_wrapper\"><div class=\"bt_bb_background_image_holder btLazyLoadBackground bt_bb_parallax lazyload\"  data-background_image_src=\"https:\/\/www.surgicalmatch.com\/wp-content\/uploads\/2023\/04\/contact-hero-1-min.png\" data-parallax=\"0.6\" data-parallax-offset=\"0\" data-parallax-zoom-start=\"1\" data-parallax-zoom-end=\"1\" data-parallax-blur-start=\"0\" data-parallax-blur-end=\"0\" data-parallax-opacity-start=\"1\" data-parallax-opacity-end=\"1\" style=\" background-image:inherit;\" data-bg-image=\"url(&#039;https:\/\/www.surgicalmatch.com\/wp-content\/plugins\/bold-page-builder\/img\/blank.gif&#039;)\"><\/div><\/div><div class=\"bt_bb_port\"><div class=\"bt_bb_cell\"><div class=\"bt_bb_cell_inner\"><div class=\"bt_bb_row\"  data-bt-override-class=\"{}\"><div class=\"bt_bb_row_holder\" ><div  class=\"bt_bb_column col-xxl-6 col-xl-6 col-xs-12 col-sm-12 col-md-7 col-lg-6 bt_bb_vertical_align_top bt_bb_align_left bt_bb_padding_normal bt_bb_animation_fade_in animate\" style=\"; --column-width:6;\" data-width=\"6\" data-bt-override-class=\"{&quot;bt_bb_align_&quot;:{&quot;current_class&quot;:&quot;bt_bb_align_left&quot;,&quot;def&quot;:&quot;left&quot;,&quot;xl&quot;:&quot;left&quot;}}\"><div class=\"bt_bb_column_content\"><div class=\"bt_bb_column_content_inner\"><div class=\"bt_bb_separator bt_bb_border_style_none bt_bb_bottom_spacing_medium bt_bb_hidden_xs bt_bb_hidden_ms bt_bb_hidden_sm\" data-bt-override-class=\"null\"><\/div><header data-bb-version=\"4.9.8\" class=\"bt_bb_headline bt_bb_dash_none bt_bb_size_huge bt_bb_align_inherit\" data-bt-override-class=\"{&quot;bt_bb_size_&quot;:{&quot;current_class&quot;:&quot;bt_bb_size_huge&quot;,&quot;def&quot;:&quot;huge&quot;},&quot;bt_bb_align_&quot;:{&quot;current_class&quot;:&quot;bt_bb_align_inherit&quot;,&quot;def&quot;:&quot;inherit&quot;}}\"><h1 class=\"bt_bb_headline_tag\"><span class=\"bt_bb_headline_content\"><span>\u00c7erez Politikas\u0131<\/span><\/span><\/h1><\/header><div class=\"bt_bb_separator bt_bb_border_style_none bt_bb_bottom_spacing_medium\" data-bt-override-class=\"null\"><\/div><\/div><\/div><\/div><div  class=\"bt_bb_column col-xxl-6 col-xl-6 col-xs-12 col-sm-12 col-md-5 col-lg-6 bt_bb_vertical_align_top bt_bb_align_left bt_bb_padding_normal\" style=\"; --column-width:6;\" data-width=\"6\" data-bt-override-class=\"{}\"><div class=\"bt_bb_column_content\"><div class=\"bt_bb_column_content_inner\"><\/div><\/div><\/div><\/div><\/div><\/div><!-- cell_inner --><\/div><!-- cell --><\/div><!-- port --><\/section><section id=\"bt_bb_section69e16c4041af3\" class=\"bt_bb_section bt_bb_color_scheme_8 bt_bb_layout_wide bt_bb_vertical_align_top\" style=\"; --section-primary-color:var(--alternate-color); --section-secondary-color:#ffffff;\" data-bt-override-class=\"null\"><div class=\"bt_bb_background_image_holder_wrapper\"><div class=\"bt_bb_background_image_holder btLazyLoadBackground bt_bb_parallax lazyload\"  data-background_image_src=\"https:\/\/www.surgicalmatch.com\/wp-content\/uploads\/2023\/04\/bg-geo-AFB-1.png\" data-parallax=\"0.6\" data-parallax-offset=\"0\" data-parallax-zoom-start=\"1\" data-parallax-zoom-end=\"1\" data-parallax-blur-start=\"0\" data-parallax-blur-end=\"0\" data-parallax-opacity-start=\"1\" data-parallax-opacity-end=\"1\" style=\" background-image:inherit;\" data-bg-image=\"url(&#039;https:\/\/www.surgicalmatch.com\/wp-content\/plugins\/bold-page-builder\/img\/blank.gif&#039;)\"><\/div><\/div><div class=\"bt_bb_port\"><div class=\"bt_bb_cell\"><div class=\"bt_bb_cell_inner\"><div class=\"bt_bb_row bt_bb_row_width_boxed_1200 bt_bb_row_width_boxed  bt_bb_column_gap_0\" style=\"; --column-gap:0px;\" data-bt-override-class=\"{}\"><div class=\"bt_bb_row_holder\" ><div  class=\"bt_bb_column col-xxl-12 col-xl-12 col-xs-12 col-sm-12 col-md-12 col-lg-12 bt_bb_vertical_align_top bt_bb_align_left bt_bb_padding_normal\" style=\"; --column-width:12;\" data-width=\"12\" data-bt-override-class=\"{}\"><div class=\"bt_bb_column_content\"><div class=\"bt_bb_column_content_inner\"><div data-bb-version=\"4.9.8\" class=\"bt_bb_separator bt_bb_border_style_none bt_bb_top_spacing_none bt_bb_bottom_spacing_medium\" data-bt-override-class=\"{&quot;bt_bb_top_spacing_&quot;:{&quot;current_class&quot;:&quot;bt_bb_top_spacing_none&quot;,&quot;def&quot;:&quot;none&quot;},&quot;bt_bb_bottom_spacing_&quot;:{&quot;current_class&quot;:&quot;bt_bb_bottom_spacing_medium&quot;,&quot;def&quot;:&quot;medium&quot;}}\"><\/div><header data-bb-version=\"4.9.8\" class=\"bt_bb_headline bt_bb_dash_none bt_bb_size_inherit bt_bb_align_center\" data-bt-override-class=\"{&quot;bt_bb_size_&quot;:{&quot;current_class&quot;:&quot;bt_bb_size_inherit&quot;,&quot;def&quot;:&quot;inherit&quot;},&quot;bt_bb_align_&quot;:{&quot;current_class&quot;:&quot;bt_bb_align_center&quot;,&quot;def&quot;:&quot;center&quot;}}\"><h1 class=\"bt_bb_headline_tag\"><span class=\"bt_bb_headline_content\"><span>\u00c7erez Politikas\u0131<\/span><\/span><\/h1><\/header><div data-bb-version=\"4.5.5\" class=\"bt_bb_separator bt_bb_border_style_none bt_bb_top_spacing_none bt_bb_bottom_spacing_medium\" data-bt-override-class=\"{&quot;bt_bb_top_spacing_&quot;:{&quot;current_class&quot;:&quot;bt_bb_top_spacing_none&quot;,&quot;def&quot;:&quot;none&quot;},&quot;bt_bb_bottom_spacing_&quot;:{&quot;current_class&quot;:&quot;bt_bb_bottom_spacing_medium&quot;,&quot;def&quot;:&quot;medium&quot;}}\"><\/div><\/div><\/div><\/div><\/div><\/div><div data-bb-version=\"4.9.8\" class=\"bt_bb_row bt_bb_row_width_boxed_1400 bt_bb_row_width_boxed  bt_bb_column_gap_0\" style=\"; --column-gap:0px;\" data-bt-override-class=\"{}\"><div class=\"bt_bb_row_holder\" ><div data-bb-version=\"4.9.8\"  class=\"bt_bb_column col-xxl-12 col-xl-12 col-xs-12 col-sm-12 col-md-12 col-lg-12 bt_bb_vertical_align_middle bt_bb_align_left bt_bb_padding_normal bt_bb_animation_fade_in animate\" style=\"; --column-width:12;\" data-width=\"12\" data-bt-override-class=\"{&quot;bt_bb_align_&quot;:{&quot;current_class&quot;:&quot;bt_bb_align_left&quot;,&quot;def&quot;:&quot;left&quot;},&quot;bt_bb_padding_&quot;:{&quot;current_class&quot;:&quot;bt_bb_padding_normal&quot;,&quot;def&quot;:&quot;normal&quot;}}\"><div class=\"bt_bb_column_content\"><div class=\"bt_bb_column_content_inner\"><div  class=\"bt_bb_text\" ><\/p>\n<p style=\"font-weight: 400;\">A cookie is small text file containing information regarding your visit of the website, stored in your PC, phone or other devices.<\/p>\n<p style=\"font-weight: 400;\">The aim of this Cookie Policy is to provide a better web site\/application experience and to ensure that it runs smoothly, to provide a better user experience and to allow for the optimization of the website in order to enable a better and compatible advertisement service within this web site with the domain address\u00a0<a href=\"https:\/\/www.surgicalmatch.com\/tr\/\"><b><strong>https:\/\/surgerysavior.com\/<\/strong><\/b><\/a>. Cookies are also used to remember your preferences (such as country, language etc) during your website visit.<\/p>\n<p style=\"font-weight: 400;\">As per this Cookie Policy, the Cookies used by this website as the main source of gathering information and the browsers \u201cLocal Storage\u201d area are used for the same purpose. Hence, all information noted in this section is also used for \u201cLocal Storage\u201d. We do not store your special personal data such as address, password, credit or debit card information within the Cookies.<\/p>\n<p>&nbsp;<\/p>\n<h5>Right to Avoid Using Cookies at the Website<\/h5>\n<p style=\"font-weight: 400;\">In light of the above, if you do not want to use Cookies, you will first need to disable cookie trackers from your web browser and then delete all cookie stored in your browser from this website. You can exercise this option at any time, to stop the usage of cookies.<\/p>\n<p>&nbsp;<\/p>\n<h5>Disabling Cookie Usage<\/h5>\n<p style=\"font-weight: 400;\">By following the steps noted above, you can, at any time, change your browser settings and disable, prevent or delete cookies sent from this website. Although all browsers have different settings, Cookies are generally filed under either \u201cPreferences\u201d or \u201cTools\u201d sections of the menu. To obtain more information regarding cookie preferences, please check the \u201cHelp\u201d section of your browser.<\/p>\n<p>&nbsp;<\/p>\n<h5>The Cookies We Set<\/h5>\n<ul>\n<li><strong>Account-Related Cookies<\/strong><br \/>\nIf you create an account with us, we will use cookies for the management of the signup process and general administration. These cookies will usually be deleted when you log out; however, in some cases, they may remain afterward to remember your site preferences when logged out.<\/li>\n<li><strong>Login-Related Cookies<\/strong><br \/>\nWe use cookies when you are logged in so that we can remember this fact. This prevents you from having to log in every single time you visit a new page. These cookies are typically removed or cleared when you log out to ensure that you can only access restricted features and areas when logged in.<\/li>\n<li><strong>Order Processing-Related Cookies<\/strong><br \/>\nThis site offers e-commerce or payment facilities, and some cookies are essential to ensure that your order is remembered between pages so that we can process it properly.<\/li>\n<li><strong>Forms-Related Cookies<\/strong><br \/>\nWhen you submit data through a form, such as those found on contact pages or comment forms, cookies may be set to remember your user details for future correspondence.<\/li>\n<\/ul>\n<p>&nbsp;<\/p>\n<h5>Third-Party Cookies<\/h5>\n<p>In some special cases, we also use cookies provided by trusted third parties. The following section details which third-party cookies you might encounter through this site.<\/p>\n<p>This site uses Google Analytics, which is one of the most widespread and trusted analytics solutions on the web, for helping us to understand how you use the site and ways that we can improve your experience. These cookies may track things such as how long you spend on the site and the pages that you visit so we can continue to produce engaging content. For more information on Google Analytics cookies, see the official Google Analytics page.<\/p>\n<p>From time to time, we test new features and make subtle changes to the way that the site is delivered. When we are still testing new features, these cookies may be used to ensure that you receive a consistent experience while on the site, ensuring we understand which optimizations our users appreciate the most.<\/p>\n<p>&nbsp;<\/p>\n<h5 style=\"font-weight: 400;\"><b><strong>Domain Name Holder\u00a0<\/strong><\/b><\/h5>\n<p style=\"font-weight: 400;\"><b><strong>SURGERY SAVIOR E-T\u0130CARET VE DANI\u015eMANLIK L\u0130M\u0130TED \u015e\u0130RKET\u0130<br \/>\n<\/strong><\/b><b><strong>E-Mail: <a href=\"mailto:contact@surgicalmatch.com\">contact@surgicalmatch.com<\/a><br \/>\n<\/strong><\/b><b><strong>Address: <\/strong><\/b>HASANPAS\u0327A MH.S\u0327EHI\u0307T BU\u0308LENT ALTINSOY SK.E BL N.1\/8 KADIKO\u0308Y<\/p>\n<p>\n<\/div><div class=\"bt_bb_separator bt_bb_border_style_none bt_bb_bottom_spacing_medium\" data-bt-override-class=\"null\"><\/div><\/div><\/div><\/div><\/div><\/div><\/div><!-- cell_inner --><\/div><!-- cell --><\/div><!-- port --><\/section><\/p>","protected":false},"excerpt":{"rendered":"","protected":false},"author":1,"featured_media":0,"parent":0,"menu_order":0,"comment_status":"closed","ping_status":"closed","template":"","meta":{"footnotes":""},"class_list":["post-7250","page","type-page","status-publish","hentry"],"yoast_head":"<!-- This site is optimized with the Yoast SEO plugin v26.5 - https:\/\/yoast.com\/wordpress\/plugins\/seo\/ -->\n<title>Cookie Policy &#8211; Surgical Match<\/title>\n<meta name=\"robots\" content=\"index, follow, max-snippet:-1, max-image-preview:large, max-video-preview:-1\" \/>\n<link rel=\"canonical\" href=\"https:\/\/www.surgicalmatch.com\/tr\/cookie-policy\/\" \/>\n<meta property=\"og:locale\" content=\"tr_TR\" \/>\n<meta property=\"og:type\" content=\"article\" \/>\n<meta property=\"og:title\" content=\"Cookie Policy &#8211; Surgical Match\" \/>\n<meta property=\"og:url\" content=\"https:\/\/www.surgicalmatch.com\/tr\/cookie-policy\/\" \/>\n<meta property=\"og:site_name\" content=\"Surgical Match\" \/>\n<meta property=\"article:publisher\" content=\"https:\/\/www.facebook.com\/SurgicalMatch\/\" \/>\n<meta property=\"article:modified_time\" content=\"2024-06-05T13:15:27+00:00\" \/>\n<meta property=\"og:image\" content=\"https:\/\/www.surgicalmatch.com\/wp-content\/uploads\/2023\/04\/default_SEO_image.png\" \/>\n\t<meta property=\"og:image:width\" content=\"1200\" \/>\n\t<meta property=\"og:image:height\" content=\"675\" \/>\n\t<meta property=\"og:image:type\" content=\"image\/png\" \/>\n<meta name=\"twitter:card\" content=\"summary_large_image\" \/>\n<meta name=\"twitter:label1\" content=\"Tahmini okuma s\u00fcresi\" \/>\n\t<meta name=\"twitter:data1\" content=\"5 dakika\" \/>\n<script type=\"application\/ld+json\" class=\"yoast-schema-graph\">{\"@context\":\"https:\/\/schema.org\",\"@graph\":[{\"@type\":\"WebPage\",\"@id\":\"https:\/\/www.surgicalmatch.com\/cookie-policy\/\",\"url\":\"https:\/\/www.surgicalmatch.com\/cookie-policy\/\",\"name\":\"Cookie Policy &#8211; Surgical Match\",\"isPartOf\":{\"@id\":\"https:\/\/www.surgicalmatch.com\/#website\"},\"datePublished\":\"2024-06-03T15:28:26+00:00\",\"dateModified\":\"2024-06-05T13:15:27+00:00\",\"breadcrumb\":{\"@id\":\"https:\/\/www.surgicalmatch.com\/cookie-policy\/#breadcrumb\"},\"inLanguage\":\"tr\",\"potentialAction\":[{\"@type\":\"ReadAction\",\"target\":[\"https:\/\/www.surgicalmatch.com\/cookie-policy\/\"]}]},{\"@type\":\"BreadcrumbList\",\"@id\":\"https:\/\/www.surgicalmatch.com\/cookie-policy\/#breadcrumb\",\"itemListElement\":[{\"@type\":\"ListItem\",\"position\":1,\"name\":\"Home\",\"item\":\"https:\/\/www.surgicalmatch.com\/en\/\"},{\"@type\":\"ListItem\",\"position\":2,\"name\":\"Cookie Policy\"}]},{\"@type\":\"WebSite\",\"@id\":\"https:\/\/www.surgicalmatch.com\/#website\",\"url\":\"https:\/\/www.surgicalmatch.com\/\",\"name\":\"Surgical Match\",\"description\":\"Care That&#039;s Always There.\",\"publisher\":{\"@id\":\"https:\/\/www.surgicalmatch.com\/#organization\"},\"potentialAction\":[{\"@type\":\"SearchAction\",\"target\":{\"@type\":\"EntryPoint\",\"urlTemplate\":\"https:\/\/www.surgicalmatch.com\/?s={search_term_string}\"},\"query-input\":{\"@type\":\"PropertyValueSpecification\",\"valueRequired\":true,\"valueName\":\"search_term_string\"}}],\"inLanguage\":\"tr\"},{\"@type\":\"Organization\",\"@id\":\"https:\/\/www.surgicalmatch.com\/#organization\",\"name\":\"Surgical Match\",\"url\":\"https:\/\/www.surgicalmatch.com\/\",\"logo\":{\"@type\":\"ImageObject\",\"inLanguage\":\"tr\",\"@id\":\"https:\/\/www.surgicalmatch.com\/#\/schema\/logo\/image\/\",\"url\":\"https:\/\/www.surgicalmatch.com\/wp-content\/uploads\/2023\/04\/SM_SS_Full_Color.png\",\"contentUrl\":\"https:\/\/www.surgicalmatch.com\/wp-content\/uploads\/2023\/04\/SM_SS_Full_Color.png\",\"width\":6907,\"height\":2922,\"caption\":\"Surgical Match\"},\"image\":{\"@id\":\"https:\/\/www.surgicalmatch.com\/#\/schema\/logo\/image\/\"},\"sameAs\":[\"https:\/\/www.facebook.com\/SurgicalMatch\/\",\"https:\/\/www.instagram.com\/SurgicalMatch\/?hl=en\"]}]}<\/script>\n<!-- \/ Yoast SEO plugin. -->","yoast_head_json":{"title":"Cookie Policy &#8211; Surgical Match","robots":{"index":"index","follow":"follow","max-snippet":"max-snippet:-1","max-image-preview":"max-image-preview:large","max-video-preview":"max-video-preview:-1"},"canonical":"https:\/\/www.surgicalmatch.com\/tr\/cookie-policy\/","og_locale":"tr_TR","og_type":"article","og_title":"Cookie Policy &#8211; Surgical Match","og_url":"https:\/\/www.surgicalmatch.com\/tr\/cookie-policy\/","og_site_name":"Surgical Match","article_publisher":"https:\/\/www.facebook.com\/SurgicalMatch\/","article_modified_time":"2024-06-05T13:15:27+00:00","og_image":[{"width":1200,"height":675,"url":"https:\/\/www.surgicalmatch.com\/wp-content\/uploads\/2023\/04\/default_SEO_image.png","type":"image\/png"}],"twitter_card":"summary_large_image","twitter_misc":{"Tahmini okuma s\u00fcresi":"5 dakika"},"schema":{"@context":"https:\/\/schema.org","@graph":[{"@type":"WebPage","@id":"https:\/\/www.surgicalmatch.com\/cookie-policy\/","url":"https:\/\/www.surgicalmatch.com\/cookie-policy\/","name":"Cookie Policy &#8211; Surgical Match","isPartOf":{"@id":"https:\/\/www.surgicalmatch.com\/#website"},"datePublished":"2024-06-03T15:28:26+00:00","dateModified":"2024-06-05T13:15:27+00:00","breadcrumb":{"@id":"https:\/\/www.surgicalmatch.com\/cookie-policy\/#breadcrumb"},"inLanguage":"tr","potentialAction":[{"@type":"ReadAction","target":["https:\/\/www.surgicalmatch.com\/cookie-policy\/"]}]},{"@type":"BreadcrumbList","@id":"https:\/\/www.surgicalmatch.com\/cookie-policy\/#breadcrumb","itemListElement":[{"@type":"ListItem","position":1,"name":"Home","item":"https:\/\/www.surgicalmatch.com\/en\/"},{"@type":"ListItem","position":2,"name":"Cookie Policy"}]},{"@type":"WebSite","@id":"https:\/\/www.surgicalmatch.com\/#website","url":"https:\/\/www.surgicalmatch.com\/","name":"Cerrahi E\u015fle\u015fme","description":"Care That's Always There.","publisher":{"@id":"https:\/\/www.surgicalmatch.com\/#organization"},"potentialAction":[{"@type":"SearchAction","target":{"@type":"EntryPoint","urlTemplate":"https:\/\/www.surgicalmatch.com\/?s={search_term_string}"},"query-input":{"@type":"PropertyValueSpecification","valueRequired":true,"valueName":"search_term_string"}}],"inLanguage":"tr"},{"@type":"Organization","@id":"https:\/\/www.surgicalmatch.com\/#organization","name":"Cerrahi E\u015fle\u015fme","url":"https:\/\/www.surgicalmatch.com\/","logo":{"@type":"ImageObject","inLanguage":"tr","@id":"https:\/\/www.surgicalmatch.com\/#\/schema\/logo\/image\/","url":"https:\/\/www.surgicalmatch.com\/wp-content\/uploads\/2023\/04\/SM_SS_Full_Color.png","contentUrl":"https:\/\/www.surgicalmatch.com\/wp-content\/uploads\/2023\/04\/SM_SS_Full_Color.png","width":6907,"height":2922,"caption":"Surgical Match"},"image":{"@id":"https:\/\/www.surgicalmatch.com\/#\/schema\/logo\/image\/"},"sameAs":["https:\/\/www.facebook.com\/SurgicalMatch\/","https:\/\/www.instagram.com\/SurgicalMatch\/?hl=en"]}]}},"_links":{"self":[{"href":"https:\/\/www.surgicalmatch.com\/tr\/wp-json\/wp\/v2\/pages\/7250","targetHints":{"allow":["GET"]}}],"collection":[{"href":"https:\/\/www.surgicalmatch.com\/tr\/wp-json\/wp\/v2\/pages"}],"about":[{"href":"https:\/\/www.surgicalmatch.com\/tr\/wp-json\/wp\/v2\/types\/page"}],"author":[{"embeddable":true,"href":"https:\/\/www.surgicalmatch.com\/tr\/wp-json\/wp\/v2\/users\/1"}],"replies":[{"embeddable":true,"href":"https:\/\/www.surgicalmatch.com\/tr\/wp-json\/wp\/v2\/comments?post=7250"}],"version-history":[{"count":5,"href":"https:\/\/www.surgicalmatch.com\/tr\/wp-json\/wp\/v2\/pages\/7250\/revisions"}],"predecessor-version":[{"id":7258,"href":"https:\/\/www.surgicalmatch.com\/tr\/wp-json\/wp\/v2\/pages\/7250\/revisions\/7258"}],"wp:attachment":[{"href":"https:\/\/www.surgicalmatch.com\/tr\/wp-json\/wp\/v2\/media?parent=7250"}],"curies":[{"name":"wp","href":"https:\/\/api.w.org\/{rel}","templated":true}]}}